{"id":10,"date":"2026-05-09T18:42:19","date_gmt":"2026-05-09T18:42:19","guid":{"rendered":"https:\/\/www.alisverisegel.com.tr\/?product=ayt-kitaplari-matematik-kitabi-2"},"modified":"2026-05-09T18:42:19","modified_gmt":"2026-05-09T18:42:19","slug":"ayt-kitaplari-matematik-kitabi-2","status":"publish","type":"product","link":"https:\/\/www.alisverisegel.com.tr\/?product=ayt-kitaplari-matematik-kitabi-2","title":{"rendered":"AYT Kitaplar\u0131 &#8211; Matematik Kitab\u0131 2"},"content":{"rendered":"<p>Bu kitap, Matematik alan\u0131nda uzman e\u011fitmenler taraf\u0131ndan titizlikle haz\u0131rlanm\u0131\u015f m\u00fcfredata %100 uyumlu bir B2B demo \u00fcr\u00fcn\u00fcd\u00fcr.<\/p>\n","protected":false},"excerpt":{"rendered":"<p>Bu kitap, Matematik alan\u0131nda uzman e\u011fitmenler taraf\u0131ndan titizlikle haz\u0131rlanm\u0131\u015f m\u00fcfredata %100 uyumlu bir B2B demo \u00fcr\u00fcn\u00fcd\u00fcr.<\/p>\n","protected":false},"featured_media":8,"comment_status":"open","ping_status":"closed","template":"","meta":[],"product_brand":[],"product_cat":[2],"product_tag":[],"class_list":{"0":"post-10","1":"product","2":"type-product","3":"status-publish","4":"has-post-thumbnail","6":"product_cat-matematik","8":"first","9":"instock","10":"shipping-taxable","11":"purchasable","12":"product-type-simple"},"_links":{"self":[{"href":"https:\/\/www.alisverisegel.com.tr\/index.php?rest_route=\/wp\/v2\/product\/10","targetHints":{"allow":["GET"]}}],"collection":[{"href":"https:\/\/www.alisverisegel.com.tr\/index.php?rest_route=\/wp\/v2\/product"}],"about":[{"href":"https:\/\/www.alisverisegel.com.tr\/index.php?rest_route=\/wp\/v2\/types\/product"}],"replies":[{"embeddable":true,"href":"https:\/\/www.alisverisegel.com.tr\/index.php?rest_route=%2Fwp%2Fv2%2Fcomments&post=10"}],"wp:featuredmedia":[{"embeddable":true,"href":"https:\/\/www.alisverisegel.com.tr\/index.php?rest_route=\/wp\/v2\/media\/8"}],"wp:attachment":[{"href":"https:\/\/www.alisverisegel.com.tr\/index.php?rest_route=%2Fwp%2Fv2%2Fmedia&parent=10"}],"wp:term":[{"taxonomy":"product_brand","embeddable":true,"href":"https:\/\/www.alisverisegel.com.tr\/index.php?rest_route=%2Fwp%2Fv2%2Fproduct_brand&post=10"},{"taxonomy":"product_cat","embeddable":true,"href":"https:\/\/www.alisverisegel.com.tr\/index.php?rest_route=%2Fwp%2Fv2%2Fproduct_cat&post=10"},{"taxonomy":"product_tag","embeddable":true,"href":"https:\/\/www.alisverisegel.com.tr\/index.php?rest_route=%2Fwp%2Fv2%2Fproduct_tag&post=10"}],"curies":[{"name":"wp","href":"https:\/\/api.w.org\/{rel}","templated":true}]}}